{"id":167,"date":"2011-07-26T23:39:34","date_gmt":"2011-07-26T21:39:34","guid":{"rendered":"http:\/\/bernd.huettemann.eu\/?page_id=167"},"modified":"2022-12-31T15:56:34","modified_gmt":"2022-12-31T15:56:34","slug":"auswahlliteratur","status":"publish","type":"page","link":"https:\/\/huettemann.eu\/de\/meine-lehre\/auswahlliteratur\/","title":{"rendered":"Auswahlliteratur"},"content":{"rendered":"<p>Literatur, die ich f\u00fcr <a href=\"https:\/\/huettemann.eu\/meine-lehre\/\">meine Hochschulkurse<\/a> empfehle.<\/p>\n<ul>\n<li>\n<p class=\"CitaviLiteraturverzeichnis\">Alemann, Ulrich von, Vom Korporatismus zum Lobbyismus?, <a href=\"http:\/\/www.bpb.de\/apuz\/25539\/vom-korporatismus-zum-lobbyismus?p=all\" target=\"_blank\" rel=\"noopener noreferrer\">http:\/\/www.bpb.de\/apuz\/25539\/vom-korporatismus-zum-lobbyismus?p=all<\/a> 12.7.2014.<\/p>\n<\/li>\n<li>Beichelt, Timm, Deutschland und Europa: Die Europ\u00e4isierung des politischen Systems, Wiesbaden, 2009.<\/li>\n<li>\n<p class=\"CitaviLiteraturverzeichnis\">Beichelt, Timm, Politik in Europa zwischen Nationalstaaten und EU: auf dem Weg zu einem integrierten Analysekonzept, in: Timm Beichelt\/Bo\u017cena Cho\u0142uj\/Gerard C. Rowe\/Hans-J\u00fcrgen Wagener (Hrsg.), Europa-Studien. Eine Einf\u00fchrung, Wiesbaden 2013, S.\u00a0119\u2013134.<\/p>\n<\/li>\n<li>\n<p class=\"CitaviLiteraturverzeichnis\">Eising, Rainer\/Lehringer, Sonja, Interest Groups in the European Union, in: Michelle Cini\/Nieves P\u00e9rez-Sol\u00f3rzano Borrag\u00e1n (Hrsg.), European Union politics, Oxford 2013, S.\u00a0183\u2013197.<\/p>\n<\/li>\n<li>Exadaktylosm,\u00a0Theofanis\/Radaelli , Claudio M. (Hrsg.), Research Design in European Studies, Basingstoke, 2012.<\/li>\n<li>Justin Greenwood: Interest representation in the European Union (The European Union series). 4. ed. Basingstoke, Hampshire 2017.<\/li>\n<li>\n<p class=\"CitaviLiteraturverzeichnis\">Gro\u00dfe H\u00fcttmann, Martin, Die Koordination der deutschen Europapolitik, in: Aus Politik und Zeitgeschichte (2007), S.\u00a039\u201345.<\/p>\n<\/li>\n<li>\n<p class=\"CitaviLiteraturverzeichnis\">Gr\u00fcnhage, Jan, Entscheidungsprozesse in der Europapolitik Deutschlands: Von Konrad Adenauer bis Gerhard Schr\u00f6der. Zugl.: Bonn, Univ., Diss., 2006 u.d.T.: Gr\u00fcnhage, Jan: Entscheidungsprozesse in der Europapolitik Deutschlands von Konrad Adenauer bis Gerhard Schr\u00f6der, Baden-Baden, 2007.<\/p>\n<\/li>\n<li>\n<p class=\"CitaviLiteraturverzeichnis\">Heinz-J\u00fcrgen Axt, Milosoki, Antonio, Schwarz, Oliver, Europ\u00e4isierung &#8211; ein weites Feld, in: Politische Vierteljahreszeitschrift (2007), S.\u00a0136\u2013149.<\/p>\n<\/li>\n<li>\n<p class=\"CitaviLiteraturverzeichnis\">Hix, Simon\/H\u00f8yland, Bj\u00f8rn, The political system of the European Union, Basingstoke, Hampshire, 2011.<\/p>\n<\/li>\n<li>H\u00fcttemann, Bernd; Sandmann, Elena (2020): Im Mittelfeld der Europapolitik: Zivilgesellschaft, Lobbyismus und Partizipative Demokratie im Mehrebenensystem der EU. In: Forschungsjournal Soziale Bewegungen 32 (4), S. 557\u2013569. DOI: 10.1515\/fjsb-2019-0061.<\/li>\n<li>H\u00fcttemann, Bernd: Lobbyismus im Mehrebenensystem der Europ\u00e4ischen Union. In: Polk, A., Mause, K. (Hrsg.) Handbuch Lobbyismus. Springer VS, Wiesbaden 2022. https:\/\/doi.org\/10.1007\/978-3-658-32324-0_17-1.<\/li>\n<li>H\u00fcttemann, Bernd: Interessenvertretung, in: Weidenfeld, Werner, Wolfgang Wessels (Hrsg.): Jahrbuch der Europ\u00e4ischen Integration 2022, Baden-Baden 2022, S. 175\u2013178.<\/li>\n<li>Kl\u00fcver, Heike, Lobbying in the European Union: Interest groups, lobbying coalitions, and policy change, Oxford, 2013.<\/li>\n<li>\n<p class=\"CitaviLiteraturverzeichnis\">Kohler-Koch, Beate\/Quittkat, Christine (Hrsg.), De-mystification of participatory democracy: EU-governance and civil society, Oxford, 2013.<\/p>\n<\/li>\n<li>Krax, Michael, Nationalstaatliche Koordination der europapolitischen Willensbildung, 2010.<\/li>\n<li>\n<p class=\"CitaviLiteraturverzeichnis\">Leif, Thomas (Hrsg.), Die f\u00fcnfte Gewalt: Lobbyismus in Deutschland, Wiesbaden, 2006.<\/p>\n<\/li>\n<li>\n<p class=\"CitaviLiteraturverzeichnis\">Radaelli, Claudio M., Europeanisation:\u00a0Solution or problem?\u00a0, in: European Integration online Papers (EIoP) (2004).<\/p>\n<\/li>\n<li>\n<p class=\"CitaviLiteraturverzeichnis\">Reh, Christine, Is informal politics undemocratic? Trilogues, early agreements and the selection model of representation, in: Journal of European Public Policy (2014), S.\u00a0822\u2013841.<\/p>\n<\/li>\n<li>\n<p class=\"CitaviLiteraturverzeichnis\">Reutter, Werner, Verb\u00e4nde und Interessengruppen in den L\u00e4ndern der Europ\u00e4ischen Union, in: Verb\u00e4nde und Interessengruppen in den L\u00e4ndern der Europ\u00e4ischen Union (2012).<\/p>\n<\/li>\n<li>\n<p class=\"CitaviLiteraturverzeichnis\">Schmedes, Hans-J\u00f6rg, Interessenvermittlung im Mehrebenensystem Europas, in: Aus Politik und Zeitgeschichte (2010), S.\u00a022\u201327.<\/p>\n<\/li>\n<li>Schneider, Volker\/Janning, Frank (Hrsg.), Politiknetzwerke: Modelle, Anwendungen und Visualisierungen, Wiesbaden, 2009.<\/li>\n<li>\n<p class=\"CitaviLiteraturverzeichnis\">Sturm, Roland\/Pehle, Heinrich, Das neue deutsche Regierungssystem: Die Europ\u00e4isierung von Institutionen, Entscheidungsprozessen und Politikfeldern in der Bundesrepublik Deutschland, Wiesbaden, 2012.<\/p>\n<\/li>\n<li>Transparency International &#8211; EU Office, The European Union Integrity System, Br\u00fcssel, 2014.<\/li>\n<li>\n<p class=\"CitaviLiteraturverzeichnis\">van Schendelen, Rinus, Die Kunst des EU-Lobbyings: Erfolgreiches Public Affairs Management im Labyrinth Br\u00fcssels, Berlin, 2012.<\/p>\n<\/li>\n<li>\n<p class=\"CitaviLiteraturverzeichnis\">van Schendelen, Rinus, More Machiavelli in Brussels: The Art of Lobbying the EU, Amsterdam, 2013.<\/p>\n<\/li>\n<\/ul>\n","protected":false},"excerpt":{"rendered":"<p>Literatur, die ich f\u00fcr meine Hochschulkurse empfehle. Alemann, Ulrich von, Vom Korporatismus zum Lobbyismus?, http:\/\/www.bpb.de\/apuz\/25539\/vom-korporatismus-zum-lobbyismus?p=all 12.7.2014. Beichelt, Timm, Deutschland und Europa: Die Europ\u00e4isierung des politischen Systems, Wiesbaden, 2009. Beichelt, Timm, Politik in Europa zwischen Nationalstaaten und EU: auf dem Weg zu einem integrierten Analysekonzept, in: Timm Beichelt\/Bo\u017cena Cho\u0142uj\/Gerard C. Rowe\/Hans-J\u00fcrgen Wagener (Hrsg.), Europa-Studien. Eine Einf\u00fchrung,<a class=\"more-link\" href=\"https:\/\/huettemann.eu\/de\/meine-lehre\/auswahlliteratur\/\">Read more<\/a><\/p>\n","protected":false},"author":2,"featured_media":0,"parent":77,"menu_order":0,"comment_status":"open","ping_status":"closed","template":"","meta":{"footnotes":""},"class_list":["post-167","page","type-page","status-publish","hentry"],"yoast_head":"<!-- This site is optimized with the Yoast SEO plugin v26.8 - https:\/\/yoast.com\/product\/yoast-seo-wordpress\/ -->\n<title>Auswahlliteratur - Bernd H\u00fcttemann<\/title>\n<meta name=\"robots\" content=\"index, follow, max-snippet:-1, max-image-preview:large, max-video-preview:-1\" \/>\n<link rel=\"canonical\" href=\"https:\/\/huettemann.eu\/de\/meine-lehre\/auswahlliteratur\/\" \/>\n<meta property=\"og:locale\" content=\"de_DE\" \/>\n<meta property=\"og:type\" content=\"article\" \/>\n<meta property=\"og:title\" content=\"Auswahlliteratur - Bernd H\u00fcttemann\" \/>\n<meta property=\"og:description\" content=\"Literatur, die ich f\u00fcr meine Hochschulkurse empfehle. Alemann, Ulrich von, Vom Korporatismus zum Lobbyismus?, http:\/\/www.bpb.de\/apuz\/25539\/vom-korporatismus-zum-lobbyismus?p=all 12.7.2014. Beichelt, Timm, Deutschland und Europa: Die Europ\u00e4isierung des politischen Systems, Wiesbaden, 2009. Beichelt, Timm, Politik in Europa zwischen Nationalstaaten und EU: auf dem Weg zu einem integrierten Analysekonzept, in: Timm Beichelt\/Bo\u017cena Cho\u0142uj\/Gerard C. Rowe\/Hans-J\u00fcrgen Wagener (Hrsg.), Europa-Studien. Eine Einf\u00fchrung,Read more\" \/>\n<meta property=\"og:url\" content=\"https:\/\/huettemann.eu\/de\/meine-lehre\/auswahlliteratur\/\" \/>\n<meta property=\"og:site_name\" content=\"Bernd H\u00fcttemann\" \/>\n<meta property=\"article:modified_time\" content=\"2022-12-31T15:56:34+00:00\" \/>\n<meta name=\"twitter:card\" content=\"summary_large_image\" \/>\n<meta name=\"twitter:label1\" content=\"Gesch\u00e4tzte Lesezeit\" \/>\n\t<meta name=\"twitter:data1\" content=\"3\u00a0Minuten\" \/>\n<script type=\"application\/ld+json\" class=\"yoast-schema-graph\">{\"@context\":\"https:\/\/schema.org\",\"@graph\":[{\"@type\":\"WebPage\",\"@id\":\"https:\/\/huettemann.eu\/de\/meine-lehre\/auswahlliteratur\/\",\"url\":\"https:\/\/huettemann.eu\/de\/meine-lehre\/auswahlliteratur\/\",\"name\":\"Auswahlliteratur - Bernd H\u00fcttemann\",\"isPartOf\":{\"@id\":\"https:\/\/huettemann.eu\/de\/#website\"},\"datePublished\":\"2011-07-26T21:39:34+00:00\",\"dateModified\":\"2022-12-31T15:56:34+00:00\",\"breadcrumb\":{\"@id\":\"https:\/\/huettemann.eu\/de\/meine-lehre\/auswahlliteratur\/#breadcrumb\"},\"inLanguage\":\"de\",\"potentialAction\":[{\"@type\":\"ReadAction\",\"target\":[\"https:\/\/huettemann.eu\/de\/meine-lehre\/auswahlliteratur\/\"]}]},{\"@type\":\"BreadcrumbList\",\"@id\":\"https:\/\/huettemann.eu\/de\/meine-lehre\/auswahlliteratur\/#breadcrumb\",\"itemListElement\":[{\"@type\":\"ListItem\",\"position\":1,\"name\":\"Startseite\",\"item\":\"https:\/\/huettemann.eu\/de\/\"},{\"@type\":\"ListItem\",\"position\":2,\"name\":\"Hochschullehre Passau\/Berlin\/Br\u00fcssel\",\"item\":\"https:\/\/huettemann.eu\/de\/meine-lehre\/\"},{\"@type\":\"ListItem\",\"position\":3,\"name\":\"Auswahlliteratur\"}]},{\"@type\":\"WebSite\",\"@id\":\"https:\/\/huettemann.eu\/de\/#website\",\"url\":\"https:\/\/huettemann.eu\/de\/\",\"name\":\"Bernd H\u00fcttemann\",\"description\":\"walking &amp; working 4 Europe \ud83c\uddea\ud83c\uddfa kleine &amp; gro\u00dfe Wege in Europa\",\"potentialAction\":[{\"@type\":\"SearchAction\",\"target\":{\"@type\":\"EntryPoint\",\"urlTemplate\":\"https:\/\/huettemann.eu\/de\/?s={search_term_string}\"},\"query-input\":{\"@type\":\"PropertyValueSpecification\",\"valueRequired\":true,\"valueName\":\"search_term_string\"}}],\"inLanguage\":\"de\"}]}<\/script>\n<!-- \/ Yoast SEO plugin. -->","yoast_head_json":{"title":"Auswahlliteratur - Bernd H\u00fcttemann","robots":{"index":"index","follow":"follow","max-snippet":"max-snippet:-1","max-image-preview":"max-image-preview:large","max-video-preview":"max-video-preview:-1"},"canonical":"https:\/\/huettemann.eu\/de\/meine-lehre\/auswahlliteratur\/","og_locale":"de_DE","og_type":"article","og_title":"Auswahlliteratur - Bernd H\u00fcttemann","og_description":"Literatur, die ich f\u00fcr meine Hochschulkurse empfehle. Alemann, Ulrich von, Vom Korporatismus zum Lobbyismus?, http:\/\/www.bpb.de\/apuz\/25539\/vom-korporatismus-zum-lobbyismus?p=all 12.7.2014. Beichelt, Timm, Deutschland und Europa: Die Europ\u00e4isierung des politischen Systems, Wiesbaden, 2009. Beichelt, Timm, Politik in Europa zwischen Nationalstaaten und EU: auf dem Weg zu einem integrierten Analysekonzept, in: Timm Beichelt\/Bo\u017cena Cho\u0142uj\/Gerard C. Rowe\/Hans-J\u00fcrgen Wagener (Hrsg.), Europa-Studien. Eine Einf\u00fchrung,Read more","og_url":"https:\/\/huettemann.eu\/de\/meine-lehre\/auswahlliteratur\/","og_site_name":"Bernd H\u00fcttemann","article_modified_time":"2022-12-31T15:56:34+00:00","twitter_card":"summary_large_image","twitter_misc":{"Gesch\u00e4tzte Lesezeit":"3\u00a0Minuten"},"schema":{"@context":"https:\/\/schema.org","@graph":[{"@type":"WebPage","@id":"https:\/\/huettemann.eu\/de\/meine-lehre\/auswahlliteratur\/","url":"https:\/\/huettemann.eu\/de\/meine-lehre\/auswahlliteratur\/","name":"Auswahlliteratur - Bernd H\u00fcttemann","isPartOf":{"@id":"https:\/\/huettemann.eu\/de\/#website"},"datePublished":"2011-07-26T21:39:34+00:00","dateModified":"2022-12-31T15:56:34+00:00","breadcrumb":{"@id":"https:\/\/huettemann.eu\/de\/meine-lehre\/auswahlliteratur\/#breadcrumb"},"inLanguage":"de","potentialAction":[{"@type":"ReadAction","target":["https:\/\/huettemann.eu\/de\/meine-lehre\/auswahlliteratur\/"]}]},{"@type":"BreadcrumbList","@id":"https:\/\/huettemann.eu\/de\/meine-lehre\/auswahlliteratur\/#breadcrumb","itemListElement":[{"@type":"ListItem","position":1,"name":"Startseite","item":"https:\/\/huettemann.eu\/de\/"},{"@type":"ListItem","position":2,"name":"Hochschullehre Passau\/Berlin\/Br\u00fcssel","item":"https:\/\/huettemann.eu\/de\/meine-lehre\/"},{"@type":"ListItem","position":3,"name":"Auswahlliteratur"}]},{"@type":"WebSite","@id":"https:\/\/huettemann.eu\/de\/#website","url":"https:\/\/huettemann.eu\/de\/","name":"Bernd H\u00fcttemann","description":"walking &amp; working 4 Europe \ud83c\uddea\ud83c\uddfa kleine &amp; gro\u00dfe Wege in Europa","potentialAction":[{"@type":"SearchAction","target":{"@type":"EntryPoint","urlTemplate":"https:\/\/huettemann.eu\/de\/?s={search_term_string}"},"query-input":{"@type":"PropertyValueSpecification","valueRequired":true,"valueName":"search_term_string"}}],"inLanguage":"de"}]}},"jetpack-related-posts":[],"jetpack_sharing_enabled":true,"_links":{"self":[{"href":"https:\/\/huettemann.eu\/de\/wp-json\/wp\/v2\/pages\/167","targetHints":{"allow":["GET"]}}],"collection":[{"href":"https:\/\/huettemann.eu\/de\/wp-json\/wp\/v2\/pages"}],"about":[{"href":"https:\/\/huettemann.eu\/de\/wp-json\/wp\/v2\/types\/page"}],"author":[{"embeddable":true,"href":"https:\/\/huettemann.eu\/de\/wp-json\/wp\/v2\/users\/2"}],"replies":[{"embeddable":true,"href":"https:\/\/huettemann.eu\/de\/wp-json\/wp\/v2\/comments?post=167"}],"version-history":[{"count":11,"href":"https:\/\/huettemann.eu\/de\/wp-json\/wp\/v2\/pages\/167\/revisions"}],"predecessor-version":[{"id":5026,"href":"https:\/\/huettemann.eu\/de\/wp-json\/wp\/v2\/pages\/167\/revisions\/5026"}],"up":[{"embeddable":true,"href":"https:\/\/huettemann.eu\/de\/wp-json\/wp\/v2\/pages\/77"}],"wp:attachment":[{"href":"https:\/\/huettemann.eu\/de\/wp-json\/wp\/v2\/media?parent=167"}],"curies":[{"name":"wp","href":"https:\/\/api.w.org\/{rel}","templated":true}]}}