{"id":2470,"date":"2019-02-03T22:47:07","date_gmt":"2019-02-03T22:47:07","guid":{"rendered":"https:\/\/huettemann.eu\/?page_id=2470"},"modified":"2022-12-31T15:44:37","modified_gmt":"2022-12-31T15:44:37","slug":"lobbyismus-in-bruessel-und-berlin","status":"publish","type":"page","link":"https:\/\/huettemann.eu\/de\/meine-lehre\/lobbyismus-in-bruessel-und-berlin\/","title":{"rendered":"Lobbyismus in Br\u00fcssel und Berlin"},"content":{"rendered":"<p><em><strong><b>Lobbyismus im Mehrebenensystem der Europ\u00e4ischen Union<br \/>\n<\/b><\/strong><\/em><em><strong>Staatliche und nichtstaatliche Interessenvertretung\u00a0<\/strong><\/em><\/p>\n<p><img data-recalc-dims=\"1\" loading=\"lazy\" decoding=\"async\" class=\"alignnone size-full wp-image-5019\" src=\"https:\/\/i0.wp.com\/huettemann.eu\/wp-content\/uploads\/2022\/12\/Uni-Passau-SoSe23-Ueberblick.jpg?resize=780%2C493&#038;ssl=1\" alt=\"\" width=\"780\" height=\"493\" srcset=\"https:\/\/i0.wp.com\/huettemann.eu\/wp-content\/uploads\/2022\/12\/Uni-Passau-SoSe23-Ueberblick.jpg?w=1907&amp;ssl=1 1907w, https:\/\/i0.wp.com\/huettemann.eu\/wp-content\/uploads\/2022\/12\/Uni-Passau-SoSe23-Ueberblick.jpg?resize=300%2C190&amp;ssl=1 300w, https:\/\/i0.wp.com\/huettemann.eu\/wp-content\/uploads\/2022\/12\/Uni-Passau-SoSe23-Ueberblick.jpg?resize=1024%2C648&amp;ssl=1 1024w, https:\/\/i0.wp.com\/huettemann.eu\/wp-content\/uploads\/2022\/12\/Uni-Passau-SoSe23-Ueberblick.jpg?resize=768%2C486&amp;ssl=1 768w, https:\/\/i0.wp.com\/huettemann.eu\/wp-content\/uploads\/2022\/12\/Uni-Passau-SoSe23-Ueberblick.jpg?resize=1536%2C971&amp;ssl=1 1536w\" sizes=\"auto, (max-width: 780px) 100vw, 780px\" \/><\/p>\n<div class=\"vJOb1e aIfcHf qlOiDc\">\n<div class=\"iRPxbe\">\n<div class=\"mCBkyc ynAwRc MBeuO nDgy9d\" role=\"heading\" aria-level=\"3\">&#8222;Qatar corruption scandal rocks EU Parliament&#8220; titelte Ende 2022 POLITICO. Auf den ersten Blick keine wirklich gute Meldung f\u00fcr die relativ junge europ\u00e4ische Demokratie. Das Proseminar <b>Lobbyismus im Mehrebenensystem der Europ\u00e4ischen Union <\/b>ordnet auch die aktuellen Entwicklungen ein. Im Fokus aber steht der Zusammenhang zwischen grenz\u00fcberschreitendem Lobbyismus und Public Diplomacy in der Gesetzgebung des Mehrebenensystems Europ\u00e4ische Union. Die kritische Untersuchung geht von theoretischen Fragen der Demokratieforschung und der Europastudien aus, gibt aber vor allem praktische Beispiele des Lobbyismus und der Gesetzgebung unter Einschluss nationaler Europapolitik in Berlin.<\/div>\n<\/div>\n<\/div>\n<div role=\"heading\" aria-level=\"3\"><\/div>\n<div role=\"heading\" aria-level=\"3\"><\/div>\n<p>Wird Lobbyismus langl\u00e4ufig als Einflussnahme durch Wirtschaftsinteressen auf die Politik definiert, so wird auf der anderen Seite propagiert, \u00fcber Interessenvertretung eine pluralistische Demokratie in der EU st\u00e4rken zu k\u00f6nnen. Im Seminar wird neben dem Lobbyismus in der EU-Gesetzgebung auch das \u201eAntichambrieren\u201c mitgliedstaatlicher Diplomatie behandelt. Im Seminar werden auch Begriffe und Konzepte wie Zivilgesellschaft und Partizipative Demokratie kritisch reflektiert.<\/p>\n<p>Referate bieten im Seminar eine erste Grundlage zur Diskussion. \u00dcber ein erstes Blockseminar-Wochenende im Mai hinweg bildet Gruppenarbeit (insb. Problemorientiertes Lernen) den Kern der Wissensvermittlung und -aufbereitung. Mit Hilfe von Social Media und aktiver Wikipedia-Arbeit werden die Studierenden m\u00f6glichst praxisnahe Einblicke in die M\u00f6glichkeiten von Public und Digital Diplomacy erhalten.<\/p>\n<p>Zum Abschluss und zur Evaluierung wird eine Blockveranstaltung in Berlin angeboten, mit Besuchen bei Interessensvertretungen, bei der Vertretung der Europ\u00e4ischen Kommission, der Bundesregierung und dem Bundestag.<\/p>\n<p><a href=\"https:\/\/huettemann.eu\/de\/meine-lehre\/lobbyismus-und-public-diplomacy-in-der-eu\/auswahlliteratur\/\"><strong>Literaturverzeichnis\u00a0<\/strong><\/a><\/p>\n<p>Neben der wissenschaftlichen Arbeit werden auch alternative Instrumente des &#8222;Learning by doing&#8220; vermittelt. Hierzu geh\u00f6rt auch die aktive Anwendung von Web 2.0.<\/p>\n<p>Als Leistungsnachweis erfolgt durch Hausarbeit (ca. 15 Seiten).<\/p>\n<p>Ein Leistungsnachweis ist nur m\u00f6glich, wenn in der Enzyklop\u00e4die Wikipedia substanzielle \u00c4nderungen zum jeweiligen Thema vorgenommen und nachgewiesen wurden.<\/p>\n","protected":false},"excerpt":{"rendered":"<p>Lobbyismus im Mehrebenensystem der Europ\u00e4ischen Union Staatliche und nichtstaatliche Interessenvertretung\u00a0 &#8222;Qatar corruption scandal rocks EU Parliament&#8220; titelte Ende 2022 POLITICO. Auf den ersten Blick keine wirklich gute Meldung f\u00fcr die relativ junge europ\u00e4ische Demokratie. Das Proseminar Lobbyismus im Mehrebenensystem der Europ\u00e4ischen Union ordnet auch die aktuellen Entwicklungen ein. Im Fokus aber steht der Zusammenhang zwischen<a class=\"more-link\" href=\"https:\/\/huettemann.eu\/de\/meine-lehre\/lobbyismus-in-bruessel-und-berlin\/\">Read more<\/a><\/p>\n","protected":false},"author":2,"featured_media":0,"parent":77,"menu_order":0,"comment_status":"closed","ping_status":"closed","template":"","meta":{"footnotes":""},"class_list":["post-2470","page","type-page","status-publish","hentry"],"yoast_head":"<!-- This site is optimized with the Yoast SEO plugin v26.8 - https:\/\/yoast.com\/product\/yoast-seo-wordpress\/ -->\n<title>Lobbyismus in Br\u00fcssel und Berlin - Bernd H\u00fcttemann<\/title>\n<meta name=\"robots\" content=\"index, follow, max-snippet:-1, max-image-preview:large, max-video-preview:-1\" \/>\n<link rel=\"canonical\" href=\"https:\/\/huettemann.eu\/de\/meine-lehre\/lobbyismus-in-bruessel-und-berlin\/\" \/>\n<meta property=\"og:locale\" content=\"de_DE\" \/>\n<meta property=\"og:type\" content=\"article\" \/>\n<meta property=\"og:title\" content=\"Lobbyismus in Br\u00fcssel und Berlin - Bernd H\u00fcttemann\" \/>\n<meta property=\"og:description\" content=\"Lobbyismus im Mehrebenensystem der Europ\u00e4ischen Union Staatliche und nichtstaatliche Interessenvertretung\u00a0 &#8222;Qatar corruption scandal rocks EU Parliament&#8220; titelte Ende 2022 POLITICO. Auf den ersten Blick keine wirklich gute Meldung f\u00fcr die relativ junge europ\u00e4ische Demokratie. Das Proseminar Lobbyismus im Mehrebenensystem der Europ\u00e4ischen Union ordnet auch die aktuellen Entwicklungen ein. Im Fokus aber steht der Zusammenhang zwischenRead more\" \/>\n<meta property=\"og:url\" content=\"https:\/\/huettemann.eu\/de\/meine-lehre\/lobbyismus-in-bruessel-und-berlin\/\" \/>\n<meta property=\"og:site_name\" content=\"Bernd H\u00fcttemann\" \/>\n<meta property=\"article:modified_time\" content=\"2022-12-31T15:44:37+00:00\" \/>\n<meta property=\"og:image\" content=\"https:\/\/huettemann.eu\/wp-content\/uploads\/2022\/12\/Uni-Passau-SoSe23-Ueberblick.jpg\" \/>\n<meta name=\"twitter:card\" content=\"summary_large_image\" \/>\n<meta name=\"twitter:label1\" content=\"Gesch\u00e4tzte Lesezeit\" \/>\n\t<meta name=\"twitter:data1\" content=\"2\u00a0Minuten\" \/>\n<script type=\"application\/ld+json\" class=\"yoast-schema-graph\">{\"@context\":\"https:\/\/schema.org\",\"@graph\":[{\"@type\":\"WebPage\",\"@id\":\"https:\/\/huettemann.eu\/de\/meine-lehre\/lobbyismus-in-bruessel-und-berlin\/\",\"url\":\"https:\/\/huettemann.eu\/de\/meine-lehre\/lobbyismus-in-bruessel-und-berlin\/\",\"name\":\"Lobbyismus in Br\u00fcssel und Berlin - Bernd H\u00fcttemann\",\"isPartOf\":{\"@id\":\"https:\/\/huettemann.eu\/de\/#website\"},\"primaryImageOfPage\":{\"@id\":\"https:\/\/huettemann.eu\/de\/meine-lehre\/lobbyismus-in-bruessel-und-berlin\/#primaryimage\"},\"image\":{\"@id\":\"https:\/\/huettemann.eu\/de\/meine-lehre\/lobbyismus-in-bruessel-und-berlin\/#primaryimage\"},\"thumbnailUrl\":\"https:\/\/huettemann.eu\/wp-content\/uploads\/2022\/12\/Uni-Passau-SoSe23-Ueberblick.jpg\",\"datePublished\":\"2019-02-03T22:47:07+00:00\",\"dateModified\":\"2022-12-31T15:44:37+00:00\",\"breadcrumb\":{\"@id\":\"https:\/\/huettemann.eu\/de\/meine-lehre\/lobbyismus-in-bruessel-und-berlin\/#breadcrumb\"},\"inLanguage\":\"de\",\"potentialAction\":[{\"@type\":\"ReadAction\",\"target\":[\"https:\/\/huettemann.eu\/de\/meine-lehre\/lobbyismus-in-bruessel-und-berlin\/\"]}]},{\"@type\":\"ImageObject\",\"inLanguage\":\"de\",\"@id\":\"https:\/\/huettemann.eu\/de\/meine-lehre\/lobbyismus-in-bruessel-und-berlin\/#primaryimage\",\"url\":\"https:\/\/huettemann.eu\/wp-content\/uploads\/2022\/12\/Uni-Passau-SoSe23-Ueberblick.jpg\",\"contentUrl\":\"https:\/\/huettemann.eu\/wp-content\/uploads\/2022\/12\/Uni-Passau-SoSe23-Ueberblick.jpg\"},{\"@type\":\"BreadcrumbList\",\"@id\":\"https:\/\/huettemann.eu\/de\/meine-lehre\/lobbyismus-in-bruessel-und-berlin\/#breadcrumb\",\"itemListElement\":[{\"@type\":\"ListItem\",\"position\":1,\"name\":\"Startseite\",\"item\":\"https:\/\/huettemann.eu\/de\/\"},{\"@type\":\"ListItem\",\"position\":2,\"name\":\"Hochschullehre Passau\/Berlin\/Br\u00fcssel\",\"item\":\"https:\/\/huettemann.eu\/de\/meine-lehre\/\"},{\"@type\":\"ListItem\",\"position\":3,\"name\":\"Lobbyismus in Br\u00fcssel und Berlin\"}]},{\"@type\":\"WebSite\",\"@id\":\"https:\/\/huettemann.eu\/de\/#website\",\"url\":\"https:\/\/huettemann.eu\/de\/\",\"name\":\"Bernd H\u00fcttemann\",\"description\":\"walking &amp; working 4 Europe \ud83c\uddea\ud83c\uddfa kleine &amp; gro\u00dfe Wege in Europa\",\"potentialAction\":[{\"@type\":\"SearchAction\",\"target\":{\"@type\":\"EntryPoint\",\"urlTemplate\":\"https:\/\/huettemann.eu\/de\/?s={search_term_string}\"},\"query-input\":{\"@type\":\"PropertyValueSpecification\",\"valueRequired\":true,\"valueName\":\"search_term_string\"}}],\"inLanguage\":\"de\"}]}<\/script>\n<!-- \/ Yoast SEO plugin. -->","yoast_head_json":{"title":"Lobbyismus in Br\u00fcssel und Berlin - Bernd H\u00fcttemann","robots":{"index":"index","follow":"follow","max-snippet":"max-snippet:-1","max-image-preview":"max-image-preview:large","max-video-preview":"max-video-preview:-1"},"canonical":"https:\/\/huettemann.eu\/de\/meine-lehre\/lobbyismus-in-bruessel-und-berlin\/","og_locale":"de_DE","og_type":"article","og_title":"Lobbyismus in Br\u00fcssel und Berlin - Bernd H\u00fcttemann","og_description":"Lobbyismus im Mehrebenensystem der Europ\u00e4ischen Union Staatliche und nichtstaatliche Interessenvertretung\u00a0 &#8222;Qatar corruption scandal rocks EU Parliament&#8220; titelte Ende 2022 POLITICO. Auf den ersten Blick keine wirklich gute Meldung f\u00fcr die relativ junge europ\u00e4ische Demokratie. Das Proseminar Lobbyismus im Mehrebenensystem der Europ\u00e4ischen Union ordnet auch die aktuellen Entwicklungen ein. Im Fokus aber steht der Zusammenhang zwischenRead more","og_url":"https:\/\/huettemann.eu\/de\/meine-lehre\/lobbyismus-in-bruessel-und-berlin\/","og_site_name":"Bernd H\u00fcttemann","article_modified_time":"2022-12-31T15:44:37+00:00","og_image":[{"url":"https:\/\/huettemann.eu\/wp-content\/uploads\/2022\/12\/Uni-Passau-SoSe23-Ueberblick.jpg","type":"","width":"","height":""}],"twitter_card":"summary_large_image","twitter_misc":{"Gesch\u00e4tzte Lesezeit":"2\u00a0Minuten"},"schema":{"@context":"https:\/\/schema.org","@graph":[{"@type":"WebPage","@id":"https:\/\/huettemann.eu\/de\/meine-lehre\/lobbyismus-in-bruessel-und-berlin\/","url":"https:\/\/huettemann.eu\/de\/meine-lehre\/lobbyismus-in-bruessel-und-berlin\/","name":"Lobbyismus in Br\u00fcssel und Berlin - Bernd H\u00fcttemann","isPartOf":{"@id":"https:\/\/huettemann.eu\/de\/#website"},"primaryImageOfPage":{"@id":"https:\/\/huettemann.eu\/de\/meine-lehre\/lobbyismus-in-bruessel-und-berlin\/#primaryimage"},"image":{"@id":"https:\/\/huettemann.eu\/de\/meine-lehre\/lobbyismus-in-bruessel-und-berlin\/#primaryimage"},"thumbnailUrl":"https:\/\/huettemann.eu\/wp-content\/uploads\/2022\/12\/Uni-Passau-SoSe23-Ueberblick.jpg","datePublished":"2019-02-03T22:47:07+00:00","dateModified":"2022-12-31T15:44:37+00:00","breadcrumb":{"@id":"https:\/\/huettemann.eu\/de\/meine-lehre\/lobbyismus-in-bruessel-und-berlin\/#breadcrumb"},"inLanguage":"de","potentialAction":[{"@type":"ReadAction","target":["https:\/\/huettemann.eu\/de\/meine-lehre\/lobbyismus-in-bruessel-und-berlin\/"]}]},{"@type":"ImageObject","inLanguage":"de","@id":"https:\/\/huettemann.eu\/de\/meine-lehre\/lobbyismus-in-bruessel-und-berlin\/#primaryimage","url":"https:\/\/huettemann.eu\/wp-content\/uploads\/2022\/12\/Uni-Passau-SoSe23-Ueberblick.jpg","contentUrl":"https:\/\/huettemann.eu\/wp-content\/uploads\/2022\/12\/Uni-Passau-SoSe23-Ueberblick.jpg"},{"@type":"BreadcrumbList","@id":"https:\/\/huettemann.eu\/de\/meine-lehre\/lobbyismus-in-bruessel-und-berlin\/#breadcrumb","itemListElement":[{"@type":"ListItem","position":1,"name":"Startseite","item":"https:\/\/huettemann.eu\/de\/"},{"@type":"ListItem","position":2,"name":"Hochschullehre Passau\/Berlin\/Br\u00fcssel","item":"https:\/\/huettemann.eu\/de\/meine-lehre\/"},{"@type":"ListItem","position":3,"name":"Lobbyismus in Br\u00fcssel und Berlin"}]},{"@type":"WebSite","@id":"https:\/\/huettemann.eu\/de\/#website","url":"https:\/\/huettemann.eu\/de\/","name":"Bernd H\u00fcttemann","description":"walking &amp; working 4 Europe \ud83c\uddea\ud83c\uddfa kleine &amp; gro\u00dfe Wege in Europa","potentialAction":[{"@type":"SearchAction","target":{"@type":"EntryPoint","urlTemplate":"https:\/\/huettemann.eu\/de\/?s={search_term_string}"},"query-input":{"@type":"PropertyValueSpecification","valueRequired":true,"valueName":"search_term_string"}}],"inLanguage":"de"}]}},"jetpack-related-posts":[],"jetpack_sharing_enabled":true,"_links":{"self":[{"href":"https:\/\/huettemann.eu\/de\/wp-json\/wp\/v2\/pages\/2470","targetHints":{"allow":["GET"]}}],"collection":[{"href":"https:\/\/huettemann.eu\/de\/wp-json\/wp\/v2\/pages"}],"about":[{"href":"https:\/\/huettemann.eu\/de\/wp-json\/wp\/v2\/types\/page"}],"author":[{"embeddable":true,"href":"https:\/\/huettemann.eu\/de\/wp-json\/wp\/v2\/users\/2"}],"replies":[{"embeddable":true,"href":"https:\/\/huettemann.eu\/de\/wp-json\/wp\/v2\/comments?post=2470"}],"version-history":[{"count":6,"href":"https:\/\/huettemann.eu\/de\/wp-json\/wp\/v2\/pages\/2470\/revisions"}],"predecessor-version":[{"id":5023,"href":"https:\/\/huettemann.eu\/de\/wp-json\/wp\/v2\/pages\/2470\/revisions\/5023"}],"up":[{"embeddable":true,"href":"https:\/\/huettemann.eu\/de\/wp-json\/wp\/v2\/pages\/77"}],"wp:attachment":[{"href":"https:\/\/huettemann.eu\/de\/wp-json\/wp\/v2\/media?parent=2470"}],"curies":[{"name":"wp","href":"https:\/\/api.w.org\/{rel}","templated":true}]}}