{"id":77,"date":"2011-07-15T01:14:55","date_gmt":"2011-07-14T23:14:55","guid":{"rendered":"http:\/\/bernd.huettemann.eu\/?page_id=77"},"modified":"2022-12-31T16:03:29","modified_gmt":"2022-12-31T16:03:29","slug":"meine-lehre","status":"publish","type":"page","link":"https:\/\/huettemann.eu\/de\/meine-lehre\/","title":{"rendered":"Hochschullehre Passau\/Berlin\/Br\u00fcssel"},"content":{"rendered":"<p><em><strong><a href=\"http:\/\/huettemann.eu\/dejdidvxsauzspi\/\"><img data-recalc-dims=\"1\" loading=\"lazy\" decoding=\"async\" class=\"aligncenter wp-image-1651 size-medium_large\" src=\"https:\/\/i0.wp.com\/huettemann.eu\/wp-content\/uploads\/2017\/07\/DEJDiDvXsAUzsPI-768x576.jpg?resize=768%2C576\" alt=\"\" width=\"768\" height=\"576\" \/><\/a>Die Europ\u00e4isierung von Lobbyismus, Public Diplomacy sind Themen, die in der Wissenschaft selten in der Gesamtschau betrachtet werden. Meine unten stehende Lehrt\u00e4tigkeiten und meine Publikationen suchen L\u00fccken zu schlie\u00dfen.<\/strong><\/em><\/p>\n<p>Seit 2011 biete ich regelm\u00e4\u00dfig im Sommersemester Seminare an der Universit\u00e4t Passau an. Themen sind <strong>Lobbyismus und Public Diplomacy im Mehrebenensystem der Europ\u00e4ischen<\/strong> <strong>Union<\/strong>.<\/p>\n<p><strong>Sommersemester 2023<\/strong> <a href=\"https:\/\/huettemann.eu\/de\/meine-lehre\/lobbyismus-in-bruessel-und-berlin\/\"><strong>Proseminar Lobbyismus im Mehrebenensystem EU<\/strong><\/a><strong> (27.\/28.\/29.04.2023 Blockseminar in Passau &#8211; 06.\/07.07.2023 Blockseminar in Berlin).\u00a0<\/strong><\/p>\n<p><a href=\"https:\/\/www.huettemann.eu\/ueber\/publik\/\"><strong>Meine Publikationen<\/strong><\/a><\/p>\n<p><a href=\"https:\/\/huettemann.eu\/meine-lehre\/auswahlliteratur\/\"><strong>Literaturempfehlungen<\/strong><\/a><\/p>\n<p><strong>Meine Beitr\u00e4ge thematisch: <\/strong><br \/>\n<a href=\"https:\/\/huettemann.eu\/category\/demokratie\/\">Demokratie &amp; Gesellschaft<\/a> |\u00a0<a href=\"https:\/\/huettemann.eu\/category\/deutsche-europapolitik\/\">Deutsche Europapolitik<\/a> |\u00a0<a href=\"https:\/\/huettemann.eu\/category\/europaeisierung\/\">Europapolitik &amp; Europ\u00e4isierung<\/a>| <a href=\"https:\/\/huettemann.eu\/category\/lobbyismus\/\">Lobbyismus &amp; Interessenvertretung<\/a> |\u00a0<a href=\"https:\/\/huettemann.eu\/category\/oeffentlichkeit\/\">\u00d6ffentlicher Raum<\/a> |\u00a0<a href=\"https:\/\/huettemann.eu\/category\/transparenz\/\">Transparenz in Governance<\/a><\/p>\n<p>siehe auch Beitr\u00e4ge zu <a href=\"https:\/\/huettemann.eu\/category\/uni\/\">Uni\/Lehre<\/a><\/p>\n<p>An der <strong><a href=\"http:\/\/www.hwr-berlin.de\/\" target=\"_blank\" rel=\"noopener noreferrer\">Hochschule f\u00fcr Wirtschaft und Recht Berlin<\/a><\/strong> biete ich ebenfalls unregelm\u00e4\u00dfig Lehrt\u00e4tigkeiten zu <strong>Lobbyismus in der Europ\u00e4ischen Union<\/strong> an.<\/p>\n","protected":false},"excerpt":{"rendered":"<p>Die Europ\u00e4isierung von Lobbyismus, Public Diplomacy sind Themen, die in der Wissenschaft selten in der Gesamtschau betrachtet werden. Meine unten stehende Lehrt\u00e4tigkeiten und meine Publikationen suchen L\u00fccken zu schlie\u00dfen. Seit 2011 biete ich regelm\u00e4\u00dfig im Sommersemester Seminare an der Universit\u00e4t Passau an. Themen sind Lobbyismus und Public Diplomacy im Mehrebenensystem der Europ\u00e4ischen Union. Sommersemester 2023<a class=\"more-link\" href=\"https:\/\/huettemann.eu\/de\/meine-lehre\/\">Read more<\/a><\/p>\n","protected":false},"author":2,"featured_media":1651,"parent":0,"menu_order":0,"comment_status":"open","ping_status":"open","template":"","meta":{"footnotes":""},"class_list":["post-77","page","type-page","status-publish","has-post-thumbnail","hentry"],"yoast_head":"<!-- This site is optimized with the Yoast SEO plugin v26.8 - https:\/\/yoast.com\/product\/yoast-seo-wordpress\/ -->\n<title>Hochschullehre Passau\/Berlin\/Br\u00fcssel - Bernd H\u00fcttemann<\/title>\n<meta name=\"robots\" content=\"index, follow, max-snippet:-1, max-image-preview:large, max-video-preview:-1\" \/>\n<link rel=\"canonical\" href=\"https:\/\/huettemann.eu\/de\/meine-lehre\/\" \/>\n<meta property=\"og:locale\" content=\"de_DE\" \/>\n<meta property=\"og:type\" content=\"article\" \/>\n<meta property=\"og:title\" content=\"Hochschullehre Passau\/Berlin\/Br\u00fcssel - Bernd H\u00fcttemann\" \/>\n<meta property=\"og:description\" content=\"Die Europ\u00e4isierung von Lobbyismus, Public Diplomacy sind Themen, die in der Wissenschaft selten in der Gesamtschau betrachtet werden. Meine unten stehende Lehrt\u00e4tigkeiten und meine Publikationen suchen L\u00fccken zu schlie\u00dfen. Seit 2011 biete ich regelm\u00e4\u00dfig im Sommersemester Seminare an der Universit\u00e4t Passau an. Themen sind Lobbyismus und Public Diplomacy im Mehrebenensystem der Europ\u00e4ischen Union. Sommersemester 2023Read more\" \/>\n<meta property=\"og:url\" content=\"https:\/\/huettemann.eu\/de\/meine-lehre\/\" \/>\n<meta property=\"og:site_name\" content=\"Bernd H\u00fcttemann\" \/>\n<meta property=\"article:modified_time\" content=\"2022-12-31T16:03:29+00:00\" \/>\n<meta name=\"twitter:card\" content=\"summary_large_image\" \/>\n<meta name=\"twitter:label1\" content=\"Gesch\u00e4tzte Lesezeit\" \/>\n\t<meta name=\"twitter:data1\" content=\"1\u00a0Minute\" \/>\n<script type=\"application\/ld+json\" class=\"yoast-schema-graph\">{\"@context\":\"https:\/\/schema.org\",\"@graph\":[{\"@type\":\"WebPage\",\"@id\":\"https:\/\/huettemann.eu\/de\/meine-lehre\/\",\"url\":\"https:\/\/huettemann.eu\/de\/meine-lehre\/\",\"name\":\"Hochschullehre Passau\/Berlin\/Br\u00fcssel - Bernd H\u00fcttemann\",\"isPartOf\":{\"@id\":\"https:\/\/huettemann.eu\/de\/#website\"},\"primaryImageOfPage\":{\"@id\":\"https:\/\/huettemann.eu\/de\/meine-lehre\/#primaryimage\"},\"image\":{\"@id\":\"https:\/\/huettemann.eu\/de\/meine-lehre\/#primaryimage\"},\"thumbnailUrl\":\"\",\"datePublished\":\"2011-07-14T23:14:55+00:00\",\"dateModified\":\"2022-12-31T16:03:29+00:00\",\"breadcrumb\":{\"@id\":\"https:\/\/huettemann.eu\/de\/meine-lehre\/#breadcrumb\"},\"inLanguage\":\"de\",\"potentialAction\":[{\"@type\":\"ReadAction\",\"target\":[\"https:\/\/huettemann.eu\/de\/meine-lehre\/\"]}]},{\"@type\":\"ImageObject\",\"inLanguage\":\"de\",\"@id\":\"https:\/\/huettemann.eu\/de\/meine-lehre\/#primaryimage\",\"url\":\"\",\"contentUrl\":\"\"},{\"@type\":\"BreadcrumbList\",\"@id\":\"https:\/\/huettemann.eu\/de\/meine-lehre\/#breadcrumb\",\"itemListElement\":[{\"@type\":\"ListItem\",\"position\":1,\"name\":\"Startseite\",\"item\":\"https:\/\/huettemann.eu\/de\/\"},{\"@type\":\"ListItem\",\"position\":2,\"name\":\"Hochschullehre Passau\/Berlin\/Br\u00fcssel\"}]},{\"@type\":\"WebSite\",\"@id\":\"https:\/\/huettemann.eu\/de\/#website\",\"url\":\"https:\/\/huettemann.eu\/de\/\",\"name\":\"Bernd H\u00fcttemann\",\"description\":\"walking &amp; working 4 Europe \ud83c\uddea\ud83c\uddfa kleine &amp; gro\u00dfe Wege in Europa\",\"potentialAction\":[{\"@type\":\"SearchAction\",\"target\":{\"@type\":\"EntryPoint\",\"urlTemplate\":\"https:\/\/huettemann.eu\/de\/?s={search_term_string}\"},\"query-input\":{\"@type\":\"PropertyValueSpecification\",\"valueRequired\":true,\"valueName\":\"search_term_string\"}}],\"inLanguage\":\"de\"}]}<\/script>\n<!-- \/ Yoast SEO plugin. -->","yoast_head_json":{"title":"Hochschullehre Passau\/Berlin\/Br\u00fcssel - Bernd H\u00fcttemann","robots":{"index":"index","follow":"follow","max-snippet":"max-snippet:-1","max-image-preview":"max-image-preview:large","max-video-preview":"max-video-preview:-1"},"canonical":"https:\/\/huettemann.eu\/de\/meine-lehre\/","og_locale":"de_DE","og_type":"article","og_title":"Hochschullehre Passau\/Berlin\/Br\u00fcssel - Bernd H\u00fcttemann","og_description":"Die Europ\u00e4isierung von Lobbyismus, Public Diplomacy sind Themen, die in der Wissenschaft selten in der Gesamtschau betrachtet werden. Meine unten stehende Lehrt\u00e4tigkeiten und meine Publikationen suchen L\u00fccken zu schlie\u00dfen. Seit 2011 biete ich regelm\u00e4\u00dfig im Sommersemester Seminare an der Universit\u00e4t Passau an. Themen sind Lobbyismus und Public Diplomacy im Mehrebenensystem der Europ\u00e4ischen Union. Sommersemester 2023Read more","og_url":"https:\/\/huettemann.eu\/de\/meine-lehre\/","og_site_name":"Bernd H\u00fcttemann","article_modified_time":"2022-12-31T16:03:29+00:00","twitter_card":"summary_large_image","twitter_misc":{"Gesch\u00e4tzte Lesezeit":"1\u00a0Minute"},"schema":{"@context":"https:\/\/schema.org","@graph":[{"@type":"WebPage","@id":"https:\/\/huettemann.eu\/de\/meine-lehre\/","url":"https:\/\/huettemann.eu\/de\/meine-lehre\/","name":"Hochschullehre Passau\/Berlin\/Br\u00fcssel - Bernd H\u00fcttemann","isPartOf":{"@id":"https:\/\/huettemann.eu\/de\/#website"},"primaryImageOfPage":{"@id":"https:\/\/huettemann.eu\/de\/meine-lehre\/#primaryimage"},"image":{"@id":"https:\/\/huettemann.eu\/de\/meine-lehre\/#primaryimage"},"thumbnailUrl":"","datePublished":"2011-07-14T23:14:55+00:00","dateModified":"2022-12-31T16:03:29+00:00","breadcrumb":{"@id":"https:\/\/huettemann.eu\/de\/meine-lehre\/#breadcrumb"},"inLanguage":"de","potentialAction":[{"@type":"ReadAction","target":["https:\/\/huettemann.eu\/de\/meine-lehre\/"]}]},{"@type":"ImageObject","inLanguage":"de","@id":"https:\/\/huettemann.eu\/de\/meine-lehre\/#primaryimage","url":"","contentUrl":""},{"@type":"BreadcrumbList","@id":"https:\/\/huettemann.eu\/de\/meine-lehre\/#breadcrumb","itemListElement":[{"@type":"ListItem","position":1,"name":"Startseite","item":"https:\/\/huettemann.eu\/de\/"},{"@type":"ListItem","position":2,"name":"Hochschullehre Passau\/Berlin\/Br\u00fcssel"}]},{"@type":"WebSite","@id":"https:\/\/huettemann.eu\/de\/#website","url":"https:\/\/huettemann.eu\/de\/","name":"Bernd H\u00fcttemann","description":"walking &amp; working 4 Europe \ud83c\uddea\ud83c\uddfa kleine &amp; gro\u00dfe Wege in Europa","potentialAction":[{"@type":"SearchAction","target":{"@type":"EntryPoint","urlTemplate":"https:\/\/huettemann.eu\/de\/?s={search_term_string}"},"query-input":{"@type":"PropertyValueSpecification","valueRequired":true,"valueName":"search_term_string"}}],"inLanguage":"de"}]}},"jetpack-related-posts":[],"jetpack_sharing_enabled":true,"_links":{"self":[{"href":"https:\/\/huettemann.eu\/de\/wp-json\/wp\/v2\/pages\/77","targetHints":{"allow":["GET"]}}],"collection":[{"href":"https:\/\/huettemann.eu\/de\/wp-json\/wp\/v2\/pages"}],"about":[{"href":"https:\/\/huettemann.eu\/de\/wp-json\/wp\/v2\/types\/page"}],"author":[{"embeddable":true,"href":"https:\/\/huettemann.eu\/de\/wp-json\/wp\/v2\/users\/2"}],"replies":[{"embeddable":true,"href":"https:\/\/huettemann.eu\/de\/wp-json\/wp\/v2\/comments?post=77"}],"version-history":[{"count":17,"href":"https:\/\/huettemann.eu\/de\/wp-json\/wp\/v2\/pages\/77\/revisions"}],"predecessor-version":[{"id":5027,"href":"https:\/\/huettemann.eu\/de\/wp-json\/wp\/v2\/pages\/77\/revisions\/5027"}],"wp:featuredmedia":[{"embeddable":true,"href":"https:\/\/huettemann.eu\/de\/wp-json\/"}],"wp:attachment":[{"href":"https:\/\/huettemann.eu\/de\/wp-json\/wp\/v2\/media?parent=77"}],"curies":[{"name":"wp","href":"https:\/\/api.w.org\/{rel}","templated":true}]}}