{"id":3168,"date":"2020-02-08T09:33:17","date_gmt":"2020-02-08T09:33:17","guid":{"rendered":"https:\/\/new.huettemann.eu\/?page_id=3168"},"modified":"2020-04-14T10:23:36","modified_gmt":"2020-04-14T10:23:36","slug":"literature","status":"publish","type":"page","link":"https:\/\/huettemann.eu\/en\/literature\/","title":{"rendered":"Supporting Literature"},"content":{"rendered":"<ul>\n<li>\n<p class=\"CitaviLiteraturverzeichnis\">Alemann, Ulrich von, Vom Korporatismus zum Lobbyismus?, <a href=\"http:\/\/www.bpb.de\/apuz\/25539\/vom-korporatismus-zum-lobbyismus?p=all\" target=\"_blank\" rel=\"noopener noreferrer\">http:\/\/www.bpb.de\/apuz\/25539\/vom-korporatismus-zum-lobbyismus?p=all<\/a> 12.7.2014.<\/p>\n<\/li>\n<li>\n<p class=\"CitaviLiteraturverzeichnis\">Anheier, Helmut K.\/Toepler, Stefan\/List, Regina, International encyclopedia of civil society, New York, 2010.<\/p>\n<\/li>\n<li>\n<p class=\"CitaviLiteraturverzeichnis\">Beichelt, Timm, Deutschland und Europa: Die Europ\u00e4isierung des politischen Systems, Wiesbaden, 2009.<\/p>\n<\/li>\n<li>\n<p class=\"CitaviLiteraturverzeichnis\">Beichelt, Timm, Politik in Europa zwischen Nationalstaaten und EU: auf dem Weg zu einem integrierten Analysekonzept, in: Timm Beichelt\/Bo\u017cena Cho\u0142uj\/Gerard C. Rowe\/Hans-J\u00fcrgen Wagener (Hrsg.), Europa-Studien. Eine Einf\u00fchrung, Wiesbaden 2013, S.\u00a0119\u2013134.<\/p>\n<\/li>\n<li>\n<p class=\"CitaviLiteraturverzeichnis\">Eising, Rainer\/Lehringer, Sonja, Interest Groups in the European Union, in: Michelle Cini\/Nieves P\u00e9rez-Sol\u00f3rzano Borrag\u00e1n (Hrsg.), European Union politics, Oxford 2013, S.\u00a0183\u2013197.<\/p>\n<\/li>\n<li>Exadaktylosm,\u00a0Theofanis\/Radaelli , Claudio M. (Hrsg.), Research Design in European Studies, Basingstoke, 2012.<\/li>\n<li>Gammelin, Cerstin\/L\u00f6w, Raimund, Europas Strippenzieher: Wer in Br\u00fcssel wirklich regiert, Berlin, 2014.<\/li>\n<li>Justin Greenwood: Interest representation in the European Union (The European Union series). 3. ed. Basingstoke, Hampshire 2011.<\/li>\n<li>\n<p class=\"CitaviLiteraturverzeichnis\">Gro\u00dfe H\u00fcttmann, Martin, Die Koordination der deutschen Europapolitik, in: Aus Politik und Zeitgeschichte (2007), S.\u00a039\u201345.<\/p>\n<\/li>\n<li>\n<p class=\"CitaviLiteraturverzeichnis\">Gr\u00fcnhage, Jan, Entscheidungsprozesse in der Europapolitik Deutschlands: Von Konrad Adenauer bis Gerhard Schr\u00f6der. Zugl.: Bonn, Univ., Diss., 2006 u.d.T.: Gr\u00fcnhage, Jan: Entscheidungsprozesse in der Europapolitik Deutschlands von Konrad Adenauer bis Gerhard Schr\u00f6der, Baden-Baden, 2007.<\/p>\n<\/li>\n<li>\n<p class=\"CitaviLiteraturverzeichnis\">Heinz-J\u00fcrgen Axt, Milosoki, Antonio, Schwarz, Oliver, Europ\u00e4isierung &#8211; ein weites Feld, in: Politische Vierteljahreszeitschrift (2007), S.\u00a0136\u2013149.<\/p>\n<\/li>\n<li>H\u00fcttemann, Bernd\/Sandmann, Elena: Im Mittelfeld der Europapolitik: Zivilgesellschaft, Lobbyismus und Partizipative Demokratie im Mehrebenensystem der EU. In: Forschungsjournal Soziale Bewegungen 32 (4), S. 557\u2013569, 2020. <a href=\"https:\/\/www.degruyter.com\/view\/j\/fjsb.2019.32.issue-4\/fjsb-2019-0061\/fjsb-2019-0061.xml\">DOI: 10.1515\/fjsb-2019-0061<\/a>.<\/li>\n<li>\n<p class=\"CitaviLiteraturverzeichnis\">Hix, Simon\/H\u00f8yland, Bj\u00f8rn, The political system of the European Union, Basingstoke, Hampshire, 2011.<\/p>\n<\/li>\n<li>\n<p class=\"CitaviLiteraturverzeichnis\">Kl\u00fcver, Heike, Lobbying in the European Union: Interest groups, lobbying coalitions, and policy change, Oxford, 2013.<\/p>\n<\/li>\n<li>\n<p class=\"CitaviLiteraturverzeichnis\">Kohler-Koch, Beate\/Quittkat, Christine (Hrsg.), De-mystification of participatory democracy: EU-governance and civil society, Oxford, 2013.<\/p>\n<\/li>\n<li>Krax, Michael, Nationalstaatliche Koordination der europapolitischen Willensbildung, 2010.<\/li>\n<\/ul>\n<ul>\n<li>\n<p class=\"CitaviLiteraturverzeichnis\">Leif, Thomas (Hrsg.), Die f\u00fcnfte Gewalt: Lobbyismus in Deutschland, Wiesbaden, 2006.<\/p>\n<\/li>\n<li>\n<p class=\"CitaviLiteraturverzeichnis\">Radaelli, Claudio M., Europeanisation:\u00a0Solution or problem?\u00a0, in: European Integration online Papers (EIoP) (2004).<\/p>\n<\/li>\n<li>\n<p class=\"CitaviLiteraturverzeichnis\">Reh, Christine, Is informal politics undemocratic? Trilogues, early agreements and the selection model of representation, in: Journal of European Public Policy (2014), S.\u00a0822\u2013841.<\/p>\n<\/li>\n<li>\n<p class=\"CitaviLiteraturverzeichnis\">Reutter, Werner, Verb\u00e4nde und Interessengruppen in den L\u00e4ndern der Europ\u00e4ischen Union, in: Verb\u00e4nde und Interessengruppen in den L\u00e4ndern der Europ\u00e4ischen Union (2012).<\/p>\n<\/li>\n<li>\n<p class=\"CitaviLiteraturverzeichnis\">Schmedes, Hans-J\u00f6rg, Interessenvermittlung im Mehrebenensystem Europas, in: Aus Politik und Zeitgeschichte (2010), S.\u00a022\u201327.<\/p>\n<\/li>\n<li>Schneider, Volker\/Janning, Frank (Hrsg.), Politiknetzwerke: Modelle, Anwendungen und Visualisierungen, Wiesbaden, 2009.<\/li>\n<\/ul>\n<ul>\n<li>\n<p class=\"CitaviLiteraturverzeichnis\">Sturm, Roland\/Pehle, Heinrich, Das neue deutsche Regierungssystem: Die Europ\u00e4isierung von Institutionen, Entscheidungsprozessen und Politikfeldern in der Bundesrepublik Deutschland, Wiesbaden, 2012.<\/p>\n<\/li>\n<li>Transparency International &#8211; EU Office, The European Union Integrity System, Br\u00fcssel, 2014.<\/li>\n<\/ul>\n<ul>\n<li>\n<p class=\"CitaviLiteraturverzeichnis\">van Schendelen, Rinus, Die Kunst des EU-Lobbyings: Erfolgreiches Public Affairs Management im Labyrinth Br\u00fcssels, Berlin, 2012.<\/p>\n<\/li>\n<li>\n<p class=\"CitaviLiteraturverzeichnis\">van Schendelen, Rinus, More Machiavelli in Brussels: The Art of Lobbying the EU, Amsterdam, 2013.<\/p>\n<\/li>\n<\/ul>\n","protected":false},"excerpt":{"rendered":"<p>Alemann, Ulrich von, Vom Korporatismus zum Lobbyismus?, http:\/\/www.bpb.de\/apuz\/25539\/vom-korporatismus-zum-lobbyismus?p=all 12.7.2014. Anheier, Helmut K.\/Toepler, Stefan\/List, Regina, International encyclopedia of civil society, New York, 2010. Beichelt, Timm, Deutschland und Europa: Die Europ\u00e4isierung des politischen Systems, Wiesbaden, 2009. Beichelt, Timm, Politik in Europa zwischen Nationalstaaten und EU: auf dem Weg zu einem integrierten Analysekonzept, in: Timm Beichelt\/Bo\u017cena Cho\u0142uj\/Gerard C.<a class=\"more-link\" href=\"https:\/\/huettemann.eu\/en\/literature\/\">Read more<\/a><\/p>\n","protected":false},"author":2,"featured_media":0,"parent":0,"menu_order":0,"comment_status":"open","ping_status":"closed","template":"","meta":{"footnotes":""},"class_list":["post-3168","page","type-page","status-publish","hentry"],"yoast_head":"<!-- This site is optimized with the Yoast SEO plugin v26.8 - https:\/\/yoast.com\/product\/yoast-seo-wordpress\/ -->\n<title>Supporting Literature - Bernd H\u00fcttemann<\/title>\n<meta name=\"robots\" content=\"index, follow, max-snippet:-1, max-image-preview:large, max-video-preview:-1\" \/>\n<link rel=\"canonical\" href=\"https:\/\/huettemann.eu\/en\/literature\/\" \/>\n<meta property=\"og:locale\" content=\"en_US\" \/>\n<meta property=\"og:type\" content=\"article\" \/>\n<meta property=\"og:title\" content=\"Supporting Literature - Bernd H\u00fcttemann\" \/>\n<meta property=\"og:description\" content=\"Alemann, Ulrich von, Vom Korporatismus zum Lobbyismus?, http:\/\/www.bpb.de\/apuz\/25539\/vom-korporatismus-zum-lobbyismus?p=all 12.7.2014. Anheier, Helmut K.\/Toepler, Stefan\/List, Regina, International encyclopedia of civil society, New York, 2010. Beichelt, Timm, Deutschland und Europa: Die Europ\u00e4isierung des politischen Systems, Wiesbaden, 2009. Beichelt, Timm, Politik in Europa zwischen Nationalstaaten und EU: auf dem Weg zu einem integrierten Analysekonzept, in: Timm Beichelt\/Bo\u017cena Cho\u0142uj\/Gerard C.Read more\" \/>\n<meta property=\"og:url\" content=\"https:\/\/huettemann.eu\/en\/literature\/\" \/>\n<meta property=\"og:site_name\" content=\"Bernd H\u00fcttemann\" \/>\n<meta property=\"article:modified_time\" content=\"2020-04-14T10:23:36+00:00\" \/>\n<meta name=\"twitter:card\" content=\"summary_large_image\" \/>\n<meta name=\"twitter:label1\" content=\"Est. reading time\" \/>\n\t<meta name=\"twitter:data1\" content=\"2 minutes\" \/>\n<script type=\"application\/ld+json\" class=\"yoast-schema-graph\">{\"@context\":\"https:\/\/schema.org\",\"@graph\":[{\"@type\":\"WebPage\",\"@id\":\"https:\/\/huettemann.eu\/en\/literature\/\",\"url\":\"https:\/\/huettemann.eu\/en\/literature\/\",\"name\":\"Supporting Literature - Bernd H\u00fcttemann\",\"isPartOf\":{\"@id\":\"https:\/\/huettemann.eu\/en\/#website\"},\"datePublished\":\"2020-02-08T09:33:17+00:00\",\"dateModified\":\"2020-04-14T10:23:36+00:00\",\"breadcrumb\":{\"@id\":\"https:\/\/huettemann.eu\/en\/literature\/#breadcrumb\"},\"inLanguage\":\"en-US\",\"potentialAction\":[{\"@type\":\"ReadAction\",\"target\":[\"https:\/\/huettemann.eu\/en\/literature\/\"]}]},{\"@type\":\"BreadcrumbList\",\"@id\":\"https:\/\/huettemann.eu\/en\/literature\/#breadcrumb\",\"itemListElement\":[{\"@type\":\"ListItem\",\"position\":1,\"name\":\"Startseite\",\"item\":\"https:\/\/huettemann.eu\/en\/\"},{\"@type\":\"ListItem\",\"position\":2,\"name\":\"Supporting Literature\"}]},{\"@type\":\"WebSite\",\"@id\":\"https:\/\/huettemann.eu\/en\/#website\",\"url\":\"https:\/\/huettemann.eu\/en\/\",\"name\":\"Bernd H\u00fcttemann\",\"description\":\"walking &amp; working 4 Europe \ud83c\uddea\ud83c\uddfa kleine &amp; gro\u00dfe Wege in Europa\",\"potentialAction\":[{\"@type\":\"SearchAction\",\"target\":{\"@type\":\"EntryPoint\",\"urlTemplate\":\"https:\/\/huettemann.eu\/en\/?s={search_term_string}\"},\"query-input\":{\"@type\":\"PropertyValueSpecification\",\"valueRequired\":true,\"valueName\":\"search_term_string\"}}],\"inLanguage\":\"en-US\"}]}<\/script>\n<!-- \/ Yoast SEO plugin. -->","yoast_head_json":{"title":"Supporting Literature - Bernd H\u00fcttemann","robots":{"index":"index","follow":"follow","max-snippet":"max-snippet:-1","max-image-preview":"max-image-preview:large","max-video-preview":"max-video-preview:-1"},"canonical":"https:\/\/huettemann.eu\/en\/literature\/","og_locale":"en_US","og_type":"article","og_title":"Supporting Literature - Bernd H\u00fcttemann","og_description":"Alemann, Ulrich von, Vom Korporatismus zum Lobbyismus?, http:\/\/www.bpb.de\/apuz\/25539\/vom-korporatismus-zum-lobbyismus?p=all 12.7.2014. Anheier, Helmut K.\/Toepler, Stefan\/List, Regina, International encyclopedia of civil society, New York, 2010. Beichelt, Timm, Deutschland und Europa: Die Europ\u00e4isierung des politischen Systems, Wiesbaden, 2009. Beichelt, Timm, Politik in Europa zwischen Nationalstaaten und EU: auf dem Weg zu einem integrierten Analysekonzept, in: Timm Beichelt\/Bo\u017cena Cho\u0142uj\/Gerard C.Read more","og_url":"https:\/\/huettemann.eu\/en\/literature\/","og_site_name":"Bernd H\u00fcttemann","article_modified_time":"2020-04-14T10:23:36+00:00","twitter_card":"summary_large_image","twitter_misc":{"Est. reading time":"2 minutes"},"schema":{"@context":"https:\/\/schema.org","@graph":[{"@type":"WebPage","@id":"https:\/\/huettemann.eu\/en\/literature\/","url":"https:\/\/huettemann.eu\/en\/literature\/","name":"Supporting Literature - Bernd H\u00fcttemann","isPartOf":{"@id":"https:\/\/huettemann.eu\/en\/#website"},"datePublished":"2020-02-08T09:33:17+00:00","dateModified":"2020-04-14T10:23:36+00:00","breadcrumb":{"@id":"https:\/\/huettemann.eu\/en\/literature\/#breadcrumb"},"inLanguage":"en-US","potentialAction":[{"@type":"ReadAction","target":["https:\/\/huettemann.eu\/en\/literature\/"]}]},{"@type":"BreadcrumbList","@id":"https:\/\/huettemann.eu\/en\/literature\/#breadcrumb","itemListElement":[{"@type":"ListItem","position":1,"name":"Startseite","item":"https:\/\/huettemann.eu\/en\/"},{"@type":"ListItem","position":2,"name":"Supporting Literature"}]},{"@type":"WebSite","@id":"https:\/\/huettemann.eu\/en\/#website","url":"https:\/\/huettemann.eu\/en\/","name":"Bernd H\u00fcttemann","description":"walking &amp; working 4 Europe \ud83c\uddea\ud83c\uddfa kleine &amp; gro\u00dfe Wege in Europa","potentialAction":[{"@type":"SearchAction","target":{"@type":"EntryPoint","urlTemplate":"https:\/\/huettemann.eu\/en\/?s={search_term_string}"},"query-input":{"@type":"PropertyValueSpecification","valueRequired":true,"valueName":"search_term_string"}}],"inLanguage":"en-US"}]}},"jetpack-related-posts":[],"jetpack_sharing_enabled":true,"_links":{"self":[{"href":"https:\/\/huettemann.eu\/en\/wp-json\/wp\/v2\/pages\/3168","targetHints":{"allow":["GET"]}}],"collection":[{"href":"https:\/\/huettemann.eu\/en\/wp-json\/wp\/v2\/pages"}],"about":[{"href":"https:\/\/huettemann.eu\/en\/wp-json\/wp\/v2\/types\/page"}],"author":[{"embeddable":true,"href":"https:\/\/huettemann.eu\/en\/wp-json\/wp\/v2\/users\/2"}],"replies":[{"embeddable":true,"href":"https:\/\/huettemann.eu\/en\/wp-json\/wp\/v2\/comments?post=3168"}],"version-history":[{"count":5,"href":"https:\/\/huettemann.eu\/en\/wp-json\/wp\/v2\/pages\/3168\/revisions"}],"predecessor-version":[{"id":3220,"href":"https:\/\/huettemann.eu\/en\/wp-json\/wp\/v2\/pages\/3168\/revisions\/3220"}],"wp:attachment":[{"href":"https:\/\/huettemann.eu\/en\/wp-json\/wp\/v2\/media?parent=3168"}],"curies":[{"name":"wp","href":"https:\/\/api.w.org\/{rel}","templated":true}]}}